{"id":300,"date":"2022-10-15T16:53:27","date_gmt":"2022-10-15T16:53:27","guid":{"rendered":"https:\/\/ctrg.co.mz\/?page_id=300"},"modified":"2022-10-20T16:20:02","modified_gmt":"2022-10-20T16:20:02","slug":"power-plant-operation","status":"publish","type":"page","link":"https:\/\/ctrg.co.mz\/pt\/power-plant-operation\/","title":{"rendered":"Opera\u00e7\u00e3o de Usina El\u00e9trica"},"content":{"rendered":"<div data-elementor-type=\"wp-page\" data-elementor-id=\"300\" class=\"elementor elementor-300\">\n\t\t\t\t\t\t<section class=\"elementor-section elementor-top-section elementor-element elementor-element-3913c05 elementor-section-stretched elementor-section-boxed elementor-section-height-default elementor-section-height-default\" data-id=\"3913c05\" data-element_type=\"section\" data-settings=\"{&quot;stretch_section&quot;:&quot;section-stretched&quot;,&quot;background_background&quot;:&quot;classic&quot;}\">\n\t\t\t\t\t\t<div class=\"elementor-container elementor-column-gap-wider\">\n\t\t\t\t\t<div class=\"elementor-column elementor-col-100 elementor-top-column elementor-element elementor-element-5a4ed45\" data-id=\"5a4ed45\" data-element_type=\"column\">\n\t\t\t<div class=\"elementor-widget-wrap elementor-element-populated\">\n\t\t\t\t\t\t<div class=\"elementor-element elementor-element-150106b elementor-widget elementor-widget-elementskit-heading\" data-id=\"150106b\" data-element_type=\"widget\" data-widget_type=\"elementskit-heading.default\">\n\t\t\t\t<div class=\"elementor-widget-container\">\n\t\t\t\t\t<div class=\"ekit-wid-con\" ><div class=\"ekit-heading elementskit-section-title-wraper text_center   ekit_heading_tablet-   ekit_heading_mobile-\"><h1 class=\"ekit-heading--title elementskit-section-title\">Power Plant <span><span>Operation<\/span><\/span><\/h1><div class=\"ekit_heading_separetor_wraper ekit_heading_elementskit-border-divider ekit-dotted\"><div class=\"elementskit-border-divider ekit-dotted\"><\/div><\/div><\/div><\/div>\t\t\t\t<\/div>\n\t\t\t\t<\/div>\n\t\t\t\t<section class=\"elementor-section elementor-inner-section elementor-element elementor-element-76f669c elementor-section-boxed elementor-section-height-default elementor-section-height-default\" data-id=\"76f669c\" data-element_type=\"section\">\n\t\t\t\t\t\t<div class=\"elementor-container elementor-column-gap-default\">\n\t\t\t\t\t<div class=\"elementor-column elementor-col-100 elementor-inner-column elementor-element elementor-element-9c35da6\" data-id=\"9c35da6\" data-element_type=\"column\">\n\t\t\t<div class=\"elementor-widget-wrap elementor-element-populated\">\n\t\t\t\t\t\t<div class=\"elementor-element elementor-element-599dd96 elementor-widget elementor-widget-text-editor\" data-id=\"599dd96\" data-element_type=\"widget\" data-widget_type=\"text-editor.default\">\n\t\t\t\t<div class=\"elementor-widget-container\">\n\t\t\t\t\t\t\t\t\t<p>CTRG Power Plant is operated and maintained by CTRG employees divided into operation team and maintenance team.<br \/>The Operations team is composed by a manager, four supervisors, eight control room operators, twelve power plant operators and one water treatment plant operator and laboratory technician. The maintenance team is composed by a manager, two mechanical supervisors, an electrical and control supervisor, four mechanical technicians, four electrical technicians, ten maintenance assistants and four general workers.<\/p><p>CTRG operations consists of the operations of 16 Gensets, 01 on standby and 01 on maintenance. The Net Dependable Capacity is 152,283 MWh and a Specific Heat Rate of 9080910 kJ\/MWh (HHV).<\/p>\t\t\t\t\t\t\t\t<\/div>\n\t\t\t\t<\/div>\n\t\t\t\t\t<\/div>\n\t\t<\/div>\n\t\t\t\t\t<\/div>\n\t\t<\/section>\n\t\t\t\t\t<\/div>\n\t\t<\/div>\n\t\t\t\t\t<\/div>\n\t\t<\/section>\n\t\t\t\t<section class=\"elementor-section elementor-top-section elementor-element elementor-element-bf498c0 elementor-section-stretched elementor-section-boxed elementor-section-height-default elementor-section-height-default\" data-id=\"bf498c0\" data-element_type=\"section\" data-settings=\"{&quot;stretch_section&quot;:&quot;section-stretched&quot;,&quot;background_background&quot;:&quot;classic&quot;}\">\n\t\t\t\t\t\t<div class=\"elementor-container elementor-column-gap-wider\">\n\t\t\t\t\t<div class=\"elementor-column elementor-col-50 elementor-top-column elementor-element elementor-element-55814b5\" data-id=\"55814b5\" data-element_type=\"column\">\n\t\t\t<div class=\"elementor-widget-wrap elementor-element-populated\">\n\t\t\t\t\t\t<div class=\"elementor-element elementor-element-abb1cbe elementor-widget elementor-widget-elementskit-heading\" data-id=\"abb1cbe\" data-element_type=\"widget\" data-widget_type=\"elementskit-heading.default\">\n\t\t\t\t<div class=\"elementor-widget-container\">\n\t\t\t\t\t<div class=\"ekit-wid-con\" ><div class=\"ekit-heading elementskit-section-title-wraper text_left   ekit_heading_tablet-   ekit_heading_mobile-\"><h1 class=\"ekit-heading--title elementskit-section-title\">Control Room<\/h1><div class=\"ekit_heading_separetor_wraper ekit_heading_elementskit-border-divider ekit-dotted\"><div class=\"elementskit-border-divider ekit-dotted\"><\/div><\/div><\/div><\/div>\t\t\t\t<\/div>\n\t\t\t\t<\/div>\n\t\t\t\t<div class=\"elementor-element elementor-element-42e5019 elementor-widget elementor-widget-text-editor\" data-id=\"42e5019\" data-element_type=\"widget\" data-widget_type=\"text-editor.default\">\n\t\t\t\t<div class=\"elementor-widget-container\">\n\t\t\t\t\t\t\t\t\tThe control room is the nerve center of the Power Plant where all installed equipment is controlled, supervised and operated.\t\t\t\t\t\t\t\t<\/div>\n\t\t\t\t<\/div>\n\t\t\t\t<div class=\"elementor-element elementor-element-c6a4fe5 elementor-widget elementor-widget-spacer\" data-id=\"c6a4fe5\" data-element_type=\"widget\" data-widget_type=\"spacer.default\">\n\t\t\t\t<div class=\"elementor-widget-container\">\n\t\t\t\t\t\t\t<div class=\"elementor-spacer\">\n\t\t\t<div class=\"elementor-spacer-inner\"><\/div>\n\t\t<\/div>\n\t\t\t\t\t\t<\/div>\n\t\t\t\t<\/div>\n\t\t\t\t\t<\/div>\n\t\t<\/div>\n\t\t\t\t<div class=\"elementor-column elementor-col-50 elementor-top-column elementor-element elementor-element-5dabca0\" data-id=\"5dabca0\" data-element_type=\"column\">\n\t\t\t<div class=\"elementor-widget-wrap elementor-element-populated\">\n\t\t\t\t\t\t<div class=\"elementor-element elementor-element-78c67c1 elementor-widget elementor-widget-image\" data-id=\"78c67c1\" data-element_type=\"widget\" data-widget_type=\"image.default\">\n\t\t\t\t<div class=\"elementor-widget-container\">\n\t\t\t\t\t\t\t\t\t\t\t\t\t\t\t<img fetchpriority=\"high\" decoding=\"async\" width=\"1200\" height=\"800\" src=\"https:\/\/ctrg.co.mz\/wp-content\/uploads\/2022\/10\/control-room-1.jpg\" class=\"attachment-full size-full wp-image-621\" alt=\"Designed &amp; Developed by Cserve Technologies\" srcset=\"https:\/\/ctrg.co.mz\/wp-content\/uploads\/2022\/10\/control-room-1.jpg 1200w, https:\/\/ctrg.co.mz\/wp-content\/uploads\/2022\/10\/control-room-1-300x200.jpg 300w, https:\/\/ctrg.co.mz\/wp-content\/uploads\/2022\/10\/control-room-1-1024x683.jpg 1024w, https:\/\/ctrg.co.mz\/wp-content\/uploads\/2022\/10\/control-room-1-768x512.jpg 768w, https:\/\/ctrg.co.mz\/wp-content\/uploads\/2022\/10\/control-room-1-219x146.jpg 219w, https:\/\/ctrg.co.mz\/wp-content\/uploads\/2022\/10\/control-room-1-50x33.jpg 50w, https:\/\/ctrg.co.mz\/wp-content\/uploads\/2022\/10\/control-room-1-113x75.jpg 113w\" sizes=\"(max-width:767px) 480px, (max-width:1200px) 100vw, 1200px\" \/>\t\t\t\t\t\t\t\t\t\t\t\t\t\t\t<\/div>\n\t\t\t\t<\/div>\n\t\t\t\t\t<\/div>\n\t\t<\/div>\n\t\t\t\t\t<\/div>\n\t\t<\/section>\n\t\t\t\t<\/div>","protected":false},"excerpt":{"rendered":"<p>Power Plant Operation CTRG Power Plant is operated and maintained by CTRG employees divided into operation team and maintenance team.The Operations team is composed by a<span class=\"excerpt-hellip\"> [\u2026]<\/span><\/p>","protected":false},"author":1,"featured_media":0,"parent":0,"menu_order":0,"comment_status":"closed","ping_status":"closed","template":"","meta":{"footnotes":""},"class_list":["post-300","page","type-page","status-publish","hentry"],"yoast_head":"<!-- This site is optimized with the Yoast SEO plugin v26.7 - https:\/\/yoast.com\/wordpress\/plugins\/seo\/ -->\n<title>Power Plant Operation - CTRG<\/title>\n<meta name=\"robots\" content=\"index, follow, max-snippet:-1, max-image-preview:large, max-video-preview:-1\" \/>\n<link rel=\"canonical\" href=\"https:\/\/ctrg.co.mz\/pt\/power-plant-operation\/\" \/>\n<meta property=\"og:locale\" content=\"pt_PT\" \/>\n<meta property=\"og:type\" content=\"article\" \/>\n<meta property=\"og:title\" content=\"Power Plant Operation - CTRG\" \/>\n<meta property=\"og:description\" content=\"Power Plant Operation CTRG Power Plant is operated and maintained by CTRG employees divided into operation team and maintenance team.The Operations team is composed by a [\u2026]\" \/>\n<meta property=\"og:url\" content=\"https:\/\/ctrg.co.mz\/pt\/power-plant-operation\/\" \/>\n<meta property=\"og:site_name\" content=\"CTRG\" \/>\n<meta property=\"article:modified_time\" content=\"2022-10-20T16:20:02+00:00\" \/>\n<meta property=\"og:image\" content=\"https:\/\/ctrg.co.mz\/wp-content\/uploads\/2022\/10\/control-room-1.jpg\" \/>\n<meta name=\"twitter:card\" content=\"summary_large_image\" \/>\n<meta name=\"twitter:label1\" content=\"Tempo estimado de leitura\" \/>\n\t<meta name=\"twitter:data1\" content=\"1 minuto\" \/>\n<script type=\"application\/ld+json\" class=\"yoast-schema-graph\">{\"@context\":\"https:\/\/schema.org\",\"@graph\":[{\"@type\":\"WebPage\",\"@id\":\"https:\/\/ctrg.co.mz\/power-plant-operation\/\",\"url\":\"https:\/\/ctrg.co.mz\/power-plant-operation\/\",\"name\":\"Power Plant Operation - CTRG\",\"isPartOf\":{\"@id\":\"https:\/\/ctrg.co.mz\/#website\"},\"primaryImageOfPage\":{\"@id\":\"https:\/\/ctrg.co.mz\/power-plant-operation\/#primaryimage\"},\"image\":{\"@id\":\"https:\/\/ctrg.co.mz\/power-plant-operation\/#primaryimage\"},\"thumbnailUrl\":\"https:\/\/ctrg.co.mz\/wp-content\/uploads\/2022\/10\/control-room-1.jpg\",\"datePublished\":\"2022-10-15T16:53:27+00:00\",\"dateModified\":\"2022-10-20T16:20:02+00:00\",\"breadcrumb\":{\"@id\":\"https:\/\/ctrg.co.mz\/power-plant-operation\/#breadcrumb\"},\"inLanguage\":\"pt-PT\",\"potentialAction\":[{\"@type\":\"ReadAction\",\"target\":[\"https:\/\/ctrg.co.mz\/power-plant-operation\/\"]}]},{\"@type\":\"ImageObject\",\"inLanguage\":\"pt-PT\",\"@id\":\"https:\/\/ctrg.co.mz\/power-plant-operation\/#primaryimage\",\"url\":\"https:\/\/ctrg.co.mz\/wp-content\/uploads\/2022\/10\/control-room-1.jpg\",\"contentUrl\":\"https:\/\/ctrg.co.mz\/wp-content\/uploads\/2022\/10\/control-room-1.jpg\"},{\"@type\":\"BreadcrumbList\",\"@id\":\"https:\/\/ctrg.co.mz\/power-plant-operation\/#breadcrumb\",\"itemListElement\":[{\"@type\":\"ListItem\",\"position\":1,\"name\":\"Home\",\"item\":\"https:\/\/ctrg.co.mz\/\"},{\"@type\":\"ListItem\",\"position\":2,\"name\":\"Power Plant Operation\"}]},{\"@type\":\"WebSite\",\"@id\":\"https:\/\/ctrg.co.mz\/#website\",\"url\":\"https:\/\/ctrg.co.mz\/\",\"name\":\"CTRG\",\"description\":\"Central T\u00e9rmica de Ressano Garcia, S.A.\",\"potentialAction\":[{\"@type\":\"SearchAction\",\"target\":{\"@type\":\"EntryPoint\",\"urlTemplate\":\"https:\/\/ctrg.co.mz\/?s={search_term_string}\"},\"query-input\":{\"@type\":\"PropertyValueSpecification\",\"valueRequired\":true,\"valueName\":\"search_term_string\"}}],\"inLanguage\":\"pt-PT\"}]}<\/script>\n<!-- \/ Yoast SEO plugin. -->","yoast_head_json":{"title":"Power Plant Operation - CTRG","robots":{"index":"index","follow":"follow","max-snippet":"max-snippet:-1","max-image-preview":"max-image-preview:large","max-video-preview":"max-video-preview:-1"},"canonical":"https:\/\/ctrg.co.mz\/pt\/power-plant-operation\/","og_locale":"pt_PT","og_type":"article","og_title":"Power Plant Operation - CTRG","og_description":"Power Plant Operation CTRG Power Plant is operated and maintained by CTRG employees divided into operation team and maintenance team.The Operations team is composed by a [\u2026]","og_url":"https:\/\/ctrg.co.mz\/pt\/power-plant-operation\/","og_site_name":"CTRG","article_modified_time":"2022-10-20T16:20:02+00:00","og_image":[{"url":"https:\/\/ctrg.co.mz\/wp-content\/uploads\/2022\/10\/control-room-1.jpg","type":"","width":"","height":""}],"twitter_card":"summary_large_image","twitter_misc":{"Tempo estimado de leitura":"1 minuto"},"schema":{"@context":"https:\/\/schema.org","@graph":[{"@type":"WebPage","@id":"https:\/\/ctrg.co.mz\/power-plant-operation\/","url":"https:\/\/ctrg.co.mz\/power-plant-operation\/","name":"Power Plant Operation - CTRG","isPartOf":{"@id":"https:\/\/ctrg.co.mz\/#website"},"primaryImageOfPage":{"@id":"https:\/\/ctrg.co.mz\/power-plant-operation\/#primaryimage"},"image":{"@id":"https:\/\/ctrg.co.mz\/power-plant-operation\/#primaryimage"},"thumbnailUrl":"https:\/\/ctrg.co.mz\/wp-content\/uploads\/2022\/10\/control-room-1.jpg","datePublished":"2022-10-15T16:53:27+00:00","dateModified":"2022-10-20T16:20:02+00:00","breadcrumb":{"@id":"https:\/\/ctrg.co.mz\/power-plant-operation\/#breadcrumb"},"inLanguage":"pt-PT","potentialAction":[{"@type":"ReadAction","target":["https:\/\/ctrg.co.mz\/power-plant-operation\/"]}]},{"@type":"ImageObject","inLanguage":"pt-PT","@id":"https:\/\/ctrg.co.mz\/power-plant-operation\/#primaryimage","url":"https:\/\/ctrg.co.mz\/wp-content\/uploads\/2022\/10\/control-room-1.jpg","contentUrl":"https:\/\/ctrg.co.mz\/wp-content\/uploads\/2022\/10\/control-room-1.jpg"},{"@type":"BreadcrumbList","@id":"https:\/\/ctrg.co.mz\/power-plant-operation\/#breadcrumb","itemListElement":[{"@type":"ListItem","position":1,"name":"Home","item":"https:\/\/ctrg.co.mz\/"},{"@type":"ListItem","position":2,"name":"Power Plant Operation"}]},{"@type":"WebSite","@id":"https:\/\/ctrg.co.mz\/#website","url":"https:\/\/ctrg.co.mz\/","name":"CTRG","description":"Central T\u00e9rmica de Ressano G\u00e1rcia, SA","potentialAction":[{"@type":"SearchAction","target":{"@type":"EntryPoint","urlTemplate":"https:\/\/ctrg.co.mz\/?s={search_term_string}"},"query-input":{"@type":"PropertyValueSpecification","valueRequired":true,"valueName":"search_term_string"}}],"inLanguage":"pt-PT"}]}},"_links":{"self":[{"href":"https:\/\/ctrg.co.mz\/pt\/wp-json\/wp\/v2\/pages\/300","targetHints":{"allow":["GET"]}}],"collection":[{"href":"https:\/\/ctrg.co.mz\/pt\/wp-json\/wp\/v2\/pages"}],"about":[{"href":"https:\/\/ctrg.co.mz\/pt\/wp-json\/wp\/v2\/types\/page"}],"author":[{"embeddable":true,"href":"https:\/\/ctrg.co.mz\/pt\/wp-json\/wp\/v2\/users\/1"}],"replies":[{"embeddable":true,"href":"https:\/\/ctrg.co.mz\/pt\/wp-json\/wp\/v2\/comments?post=300"}],"version-history":[{"count":22,"href":"https:\/\/ctrg.co.mz\/pt\/wp-json\/wp\/v2\/pages\/300\/revisions"}],"predecessor-version":[{"id":1150,"href":"https:\/\/ctrg.co.mz\/pt\/wp-json\/wp\/v2\/pages\/300\/revisions\/1150"}],"wp:attachment":[{"href":"https:\/\/ctrg.co.mz\/pt\/wp-json\/wp\/v2\/media?parent=300"}],"curies":[{"name":"wp","href":"https:\/\/api.w.org\/{rel}","templated":true}]}}