{"id":1361,"date":"2022-11-15T21:17:17","date_gmt":"2022-11-15T21:17:17","guid":{"rendered":"https:\/\/ctrg.co.mz\/?page_id=1361"},"modified":"2022-11-15T21:37:55","modified_gmt":"2022-11-15T21:37:55","slug":"news-notices","status":"publish","type":"page","link":"https:\/\/ctrg.co.mz\/pt\/news-notices\/","title":{"rendered":"Not\u00edcias e Avisos"},"content":{"rendered":"<div data-elementor-type=\"wp-page\" data-elementor-id=\"1361\" class=\"elementor elementor-1361\">\n\t\t\t\t\t\t<section class=\"elementor-section elementor-top-section elementor-element elementor-element-e1a403c elementor-section-full_width elementor-section-height-default elementor-section-height-default\" data-id=\"e1a403c\" data-element_type=\"section\">\n\t\t\t\t\t\t<div class=\"elementor-container elementor-column-gap-default\">\n\t\t\t\t\t<div class=\"elementor-column elementor-col-100 elementor-top-column elementor-element elementor-element-944e921\" data-id=\"944e921\" data-element_type=\"column\">\n\t\t\t<div class=\"elementor-widget-wrap elementor-element-populated\">\n\t\t\t\t\t\t<div class=\"elementor-element elementor-element-777202d elementor-grid-eael-col-3 elementor-grid-tablet-eael-col-2 elementor-grid-mobile-eael-col-1 elementor-widget elementor-widget-eael-post-grid\" data-id=\"777202d\" data-element_type=\"widget\" data-settings=\"{&quot;eael_post_grid_columns&quot;:&quot;eael-col-3&quot;,&quot;eael_post_grid_columns_tablet&quot;:&quot;eael-col-2&quot;,&quot;eael_post_grid_columns_mobile&quot;:&quot;eael-col-1&quot;}\" data-widget_type=\"eael-post-grid.default\">\n\t\t\t\t<div class=\"elementor-widget-container\">\n\t\t\t\t\t<div id=\"eael-post-grid-777202d\" class=\"eael-post-grid-container\">\n            <div class=\"eael-post-grid eael-post-appender eael-post-appender-777202d eael-post-grid-style-one\" data-layout-mode=\"grid\"><article class=\"eael-grid-post  eael-post-grid-column eael-pg-post-1359 category-2022\" data-id=\"1359\">\n        <div class=\"eael-grid-post-holder\">\n            <div class=\"eael-grid-post-holder-inner\"><div class=\"eael-entry-media\"><div class=\"eael-entry-overlay fade-in\"><i class=\"fas fa-long-arrow-alt-right\" aria-hidden=\"true\"><\/i><a href=\"https:\/\/ctrg.co.mz\/pt\/ctrg_news\/melhoras-condicoes-na-secundaria-4-de-outubro\/\"><\/a><\/div><div class=\"eael-entry-thumbnail\">\n                <img fetchpriority=\"high\" decoding=\"async\" width=\"300\" height=\"200\" src=\"https:\/\/ctrg.co.mz\/wp-content\/uploads\/2022\/10\/inaug-5-300x200.jpg\" class=\"attachment-medium size-medium wp-image-1228\" alt=\"\" srcset=\"https:\/\/ctrg.co.mz\/wp-content\/uploads\/2022\/10\/inaug-5-300x200.jpg 300w, https:\/\/ctrg.co.mz\/wp-content\/uploads\/2022\/10\/inaug-5-219x146.jpg 219w, https:\/\/ctrg.co.mz\/wp-content\/uploads\/2022\/10\/inaug-5-50x33.jpg 50w, https:\/\/ctrg.co.mz\/wp-content\/uploads\/2022\/10\/inaug-5-113x75.jpg 113w, https:\/\/ctrg.co.mz\/wp-content\/uploads\/2022\/10\/inaug-5.jpg 600w\" sizes=\"(max-width:767px) 300px, 300px\" \/>\n            <\/div>\n        <\/div><div class=\"eael-entry-wrapper\"><header class=\"eael-entry-header\"><h6 class=\"eael-entry-title\"><a class=\"eael-grid-post-link\" href=\"https:\/\/ctrg.co.mz\/pt\/ctrg_news\/melhoras-condicoes-na-secundaria-4-de-outubro\/\" title=\"Melhoras condi\u00e7\u00f5es na &#8220;Secund\u00e1ria 4 de Outubro\">Melhoras condi\u00e7\u00f5es na \u201cSecund\u00e1ria 4 de Outubro<\/a><\/h6><\/header><div class=\"eael-entry-content\">\n                        <div class=\"eael-grid-post-excerpt\"><p>Melhoras condi\u00e7\u00f5es na \u201cSecund\u00e1ria 4 de Outubro Os alunos da Escola Secund\u00e1ria 4 de Outubro, no posto administrativo de Ressano Garcia, distrito de Moamba, prov\u00edncia de [\u2026]<\/p><a href=\"https:\/\/ctrg.co.mz\/pt\/ctrg_news\/melhoras-condicoes-na-secundaria-4-de-outubro\/\" class=\"eael-post-elements-readmore-btn\">Leia mais &gt; &gt;<\/a><\/div>\n                    <\/div><\/div><\/div>\n        <\/div>\n    <\/article><article class=\"eael-grid-post  eael-post-grid-column eael-pg-post-1358 category-2022\" data-id=\"1358\">\n        <div class=\"eael-grid-post-holder\">\n            <div class=\"eael-grid-post-holder-inner\"><div class=\"eael-entry-media\"><div class=\"eael-entry-overlay fade-in\"><i class=\"fas fa-long-arrow-alt-right\" aria-hidden=\"true\"><\/i><a href=\"https:\/\/ctrg.co.mz\/pt\/ctrg_news\/escola-secundarida-recebe-laboratorios-em-ressano-garcia\/\"><\/a><\/div><div class=\"eael-entry-thumbnail\">\n                <img decoding=\"async\" width=\"300\" height=\"200\" src=\"https:\/\/ctrg.co.mz\/wp-content\/uploads\/2022\/10\/inauguracao-laboratorio.jpg\" class=\"attachment-medium size-medium wp-image-1229\" alt=\"\" srcset=\"https:\/\/ctrg.co.mz\/wp-content\/uploads\/2022\/10\/inauguracao-laboratorio.jpg 300w, https:\/\/ctrg.co.mz\/wp-content\/uploads\/2022\/10\/inauguracao-laboratorio-219x146.jpg 219w, https:\/\/ctrg.co.mz\/wp-content\/uploads\/2022\/10\/inauguracao-laboratorio-50x33.jpg 50w, https:\/\/ctrg.co.mz\/wp-content\/uploads\/2022\/10\/inauguracao-laboratorio-113x75.jpg 113w\" sizes=\"(max-width:767px) 300px, 300px\" \/>\n            <\/div>\n        <\/div><div class=\"eael-entry-wrapper\"><header class=\"eael-entry-header\"><h6 class=\"eael-entry-title\"><a class=\"eael-grid-post-link\" href=\"https:\/\/ctrg.co.mz\/pt\/ctrg_news\/escola-secundarida-recebe-laboratorios-em-ressano-garcia\/\" title=\"Escola Secund\u00e1rida recebe laborat\u00f3rios, em Ressano Garcia\">Escola Secund\u00e1rida recebe laborat\u00f3rios, em Ressano Garcia<\/a><\/h6><\/header><div class=\"eael-entry-content\">\n                        <div class=\"eael-grid-post-excerpt\"><p>Escola Secund\u00e1rida recebe laborat\u00f3rios, em Ressano Garcia A Escola Secund\u00e1ria 4 de Outubro, de Ressano Garcia , distrito de Momba, prov\u00edncia de Maputo, conta desde ontem [\u2026]<\/p><a href=\"https:\/\/ctrg.co.mz\/pt\/ctrg_news\/escola-secundarida-recebe-laboratorios-em-ressano-garcia\/\" class=\"eael-post-elements-readmore-btn\">Leia mais &gt; &gt;<\/a><\/div>\n                    <\/div><\/div><\/div>\n        <\/div>\n    <\/article><article class=\"eael-grid-post  eael-post-grid-column eael-pg-post-1356 category-2022\" data-id=\"1356\">\n        <div class=\"eael-grid-post-holder\">\n            <div class=\"eael-grid-post-holder-inner\"><div class=\"eael-entry-media\"><div class=\"eael-entry-overlay fade-in\"><i class=\"fas fa-long-arrow-alt-right\" aria-hidden=\"true\"><\/i><a href=\"https:\/\/ctrg.co.mz\/pt\/ctrg_news\/central-termica-de-ressano-garcia-gera-receita-de-7-mil-milhoes-de-meticais\/\"><\/a><\/div><div class=\"eael-entry-thumbnail\">\n                <img decoding=\"async\" width=\"300\" height=\"129\" src=\"https:\/\/ctrg.co.mz\/wp-content\/uploads\/2022\/11\/4-300x129.jpg\" class=\"attachment-medium size-medium wp-image-1240\" alt=\"\" srcset=\"https:\/\/ctrg.co.mz\/wp-content\/uploads\/2022\/11\/4-300x129.jpg 300w, https:\/\/ctrg.co.mz\/wp-content\/uploads\/2022\/11\/4-1024x439.jpg 1024w, https:\/\/ctrg.co.mz\/wp-content\/uploads\/2022\/11\/4-768x329.jpg 768w, https:\/\/ctrg.co.mz\/wp-content\/uploads\/2022\/11\/4-260x111.jpg 260w, https:\/\/ctrg.co.mz\/wp-content\/uploads\/2022\/11\/4-50x21.jpg 50w, https:\/\/ctrg.co.mz\/wp-content\/uploads\/2022\/11\/4-150x64.jpg 150w, https:\/\/ctrg.co.mz\/wp-content\/uploads\/2022\/11\/4.jpg 1400w\" sizes=\"(max-width:767px) 300px, 300px\" \/>\n            <\/div>\n        <\/div><div class=\"eael-entry-wrapper\"><header class=\"eael-entry-header\"><h6 class=\"eael-entry-title\"><a class=\"eael-grid-post-link\" href=\"https:\/\/ctrg.co.mz\/pt\/ctrg_news\/central-termica-de-ressano-garcia-gera-receita-de-7-mil-milhoes-de-meticais\/\" title=\"Central T\u00e9rmica de Ressano Garcia gera receita de 7 mil milh\u00f5es de meticais\">Central T\u00e9rmica de Ressano Garcia gera receita de 7 mil<\/a><\/h6><\/header><div class=\"eael-entry-content\">\n                        <div class=\"eael-grid-post-excerpt\"><p>Central T\u00e9rmica de Ressano Garcia gera receita de 7 mil milh\u00f5es de meticais A Central T\u00e9rmica de Ressano Garcia (CTRG), localizada na prov\u00edncia de Maputo, combust\u00edvel [\u2026]<\/p><a href=\"https:\/\/ctrg.co.mz\/pt\/ctrg_news\/central-termica-de-ressano-garcia-gera-receita-de-7-mil-milhoes-de-meticais\/\" class=\"eael-post-elements-readmore-btn\">Leia mais &gt; &gt;<\/a><\/div>\n                    <\/div><\/div><\/div>\n        <\/div>\n    <\/article><\/div>\n            <div class=\"clearfix\"><\/div>\n        <\/div>\t\t\t\t<\/div>\n\t\t\t\t<\/div>\n\t\t\t\t\t<\/div>\n\t\t<\/div>\n\t\t\t\t\t<\/div>\n\t\t<\/section>\n\t\t\t\t<\/div>","protected":false},"excerpt":{"rendered":"<p>Melhoras condi\u00e7\u00f5es na &#8220;Secund\u00e1ria 4 de Outubro Melhoras condi\u00e7\u00f5es na &#8220;Secund\u00e1ria 4 de Outubro Os alunos da Escola Secund\u00e1ria 4 de Outubro, no posto administrativo de<span class=\"excerpt-hellip\"> [\u2026]<\/span><\/p>","protected":false},"author":1,"featured_media":0,"parent":0,"menu_order":0,"comment_status":"closed","ping_status":"closed","template":"","meta":{"footnotes":""},"class_list":["post-1361","page","type-page","status-publish","hentry"],"yoast_head":"<!-- This site is optimized with the Yoast SEO plugin v26.7 - https:\/\/yoast.com\/wordpress\/plugins\/seo\/ -->\n<title>News &amp; Notices - CTRG<\/title>\n<meta name=\"robots\" content=\"index, follow, max-snippet:-1, max-image-preview:large, max-video-preview:-1\" \/>\n<link rel=\"canonical\" href=\"https:\/\/ctrg.co.mz\/pt\/news-notices\/\" \/>\n<meta property=\"og:locale\" content=\"pt_PT\" \/>\n<meta property=\"og:type\" content=\"article\" \/>\n<meta property=\"og:title\" content=\"News &amp; Notices - CTRG\" \/>\n<meta property=\"og:description\" content=\"Melhoras condi\u00e7\u00f5es na &#8220;Secund\u00e1ria 4 de Outubro Melhoras condi\u00e7\u00f5es na &#8220;Secund\u00e1ria 4 de Outubro Os alunos da Escola Secund\u00e1ria 4 de Outubro, no posto administrativo de [\u2026]\" \/>\n<meta property=\"og:url\" content=\"https:\/\/ctrg.co.mz\/pt\/news-notices\/\" \/>\n<meta property=\"og:site_name\" content=\"CTRG\" \/>\n<meta property=\"article:modified_time\" content=\"2022-11-15T21:37:55+00:00\" \/>\n<meta property=\"og:image\" content=\"https:\/\/ctrg.co.mz\/wp-content\/uploads\/2022\/10\/inaug-5-300x200.jpg\" \/>\n<meta name=\"twitter:card\" content=\"summary_large_image\" \/>\n<script type=\"application\/ld+json\" class=\"yoast-schema-graph\">{\"@context\":\"https:\/\/schema.org\",\"@graph\":[{\"@type\":\"WebPage\",\"@id\":\"https:\/\/ctrg.co.mz\/news-notices\/\",\"url\":\"https:\/\/ctrg.co.mz\/news-notices\/\",\"name\":\"News & Notices - CTRG\",\"isPartOf\":{\"@id\":\"https:\/\/ctrg.co.mz\/#website\"},\"primaryImageOfPage\":{\"@id\":\"https:\/\/ctrg.co.mz\/news-notices\/#primaryimage\"},\"image\":{\"@id\":\"https:\/\/ctrg.co.mz\/news-notices\/#primaryimage\"},\"thumbnailUrl\":\"https:\/\/ctrg.co.mz\/wp-content\/uploads\/2022\/10\/inaug-5-300x200.jpg\",\"datePublished\":\"2022-11-15T21:17:17+00:00\",\"dateModified\":\"2022-11-15T21:37:55+00:00\",\"breadcrumb\":{\"@id\":\"https:\/\/ctrg.co.mz\/news-notices\/#breadcrumb\"},\"inLanguage\":\"pt-PT\",\"potentialAction\":[{\"@type\":\"ReadAction\",\"target\":[\"https:\/\/ctrg.co.mz\/news-notices\/\"]}]},{\"@type\":\"ImageObject\",\"inLanguage\":\"pt-PT\",\"@id\":\"https:\/\/ctrg.co.mz\/news-notices\/#primaryimage\",\"url\":\"https:\/\/ctrg.co.mz\/wp-content\/uploads\/2022\/10\/inaug-5-300x200.jpg\",\"contentUrl\":\"https:\/\/ctrg.co.mz\/wp-content\/uploads\/2022\/10\/inaug-5-300x200.jpg\"},{\"@type\":\"BreadcrumbList\",\"@id\":\"https:\/\/ctrg.co.mz\/news-notices\/#breadcrumb\",\"itemListElement\":[{\"@type\":\"ListItem\",\"position\":1,\"name\":\"Home\",\"item\":\"https:\/\/ctrg.co.mz\/\"},{\"@type\":\"ListItem\",\"position\":2,\"name\":\"News &#038; Notices\"}]},{\"@type\":\"WebSite\",\"@id\":\"https:\/\/ctrg.co.mz\/#website\",\"url\":\"https:\/\/ctrg.co.mz\/\",\"name\":\"CTRG\",\"description\":\"Central T\u00e9rmica de Ressano Garcia, S.A.\",\"potentialAction\":[{\"@type\":\"SearchAction\",\"target\":{\"@type\":\"EntryPoint\",\"urlTemplate\":\"https:\/\/ctrg.co.mz\/?s={search_term_string}\"},\"query-input\":{\"@type\":\"PropertyValueSpecification\",\"valueRequired\":true,\"valueName\":\"search_term_string\"}}],\"inLanguage\":\"pt-PT\"}]}<\/script>\n<!-- \/ Yoast SEO plugin. -->","yoast_head_json":{"title":"Not\u00edcias e Avisos - CTRG","robots":{"index":"index","follow":"follow","max-snippet":"max-snippet:-1","max-image-preview":"max-image-preview:large","max-video-preview":"max-video-preview:-1"},"canonical":"https:\/\/ctrg.co.mz\/pt\/news-notices\/","og_locale":"pt_PT","og_type":"article","og_title":"News & Notices - CTRG","og_description":"Melhoras condi\u00e7\u00f5es na &#8220;Secund\u00e1ria 4 de Outubro Melhoras condi\u00e7\u00f5es na &#8220;Secund\u00e1ria 4 de Outubro Os alunos da Escola Secund\u00e1ria 4 de Outubro, no posto administrativo de [\u2026]","og_url":"https:\/\/ctrg.co.mz\/pt\/news-notices\/","og_site_name":"CTRG","article_modified_time":"2022-11-15T21:37:55+00:00","og_image":[{"url":"https:\/\/ctrg.co.mz\/wp-content\/uploads\/2022\/10\/inaug-5-300x200.jpg","type":"","width":"","height":""}],"twitter_card":"summary_large_image","schema":{"@context":"https:\/\/schema.org","@graph":[{"@type":"WebPage","@id":"https:\/\/ctrg.co.mz\/news-notices\/","url":"https:\/\/ctrg.co.mz\/news-notices\/","name":"Not\u00edcias e Avisos - CTRG","isPartOf":{"@id":"https:\/\/ctrg.co.mz\/#website"},"primaryImageOfPage":{"@id":"https:\/\/ctrg.co.mz\/news-notices\/#primaryimage"},"image":{"@id":"https:\/\/ctrg.co.mz\/news-notices\/#primaryimage"},"thumbnailUrl":"https:\/\/ctrg.co.mz\/wp-content\/uploads\/2022\/10\/inaug-5-300x200.jpg","datePublished":"2022-11-15T21:17:17+00:00","dateModified":"2022-11-15T21:37:55+00:00","breadcrumb":{"@id":"https:\/\/ctrg.co.mz\/news-notices\/#breadcrumb"},"inLanguage":"pt-PT","potentialAction":[{"@type":"ReadAction","target":["https:\/\/ctrg.co.mz\/news-notices\/"]}]},{"@type":"ImageObject","inLanguage":"pt-PT","@id":"https:\/\/ctrg.co.mz\/news-notices\/#primaryimage","url":"https:\/\/ctrg.co.mz\/wp-content\/uploads\/2022\/10\/inaug-5-300x200.jpg","contentUrl":"https:\/\/ctrg.co.mz\/wp-content\/uploads\/2022\/10\/inaug-5-300x200.jpg"},{"@type":"BreadcrumbList","@id":"https:\/\/ctrg.co.mz\/news-notices\/#breadcrumb","itemListElement":[{"@type":"ListItem","position":1,"name":"Home","item":"https:\/\/ctrg.co.mz\/"},{"@type":"ListItem","position":2,"name":"News &#038; Notices"}]},{"@type":"WebSite","@id":"https:\/\/ctrg.co.mz\/#website","url":"https:\/\/ctrg.co.mz\/","name":"CTRG","description":"Central T\u00e9rmica de Ressano G\u00e1rcia, SA","potentialAction":[{"@type":"SearchAction","target":{"@type":"EntryPoint","urlTemplate":"https:\/\/ctrg.co.mz\/?s={search_term_string}"},"query-input":{"@type":"PropertyValueSpecification","valueRequired":true,"valueName":"search_term_string"}}],"inLanguage":"pt-PT"}]}},"_links":{"self":[{"href":"https:\/\/ctrg.co.mz\/pt\/wp-json\/wp\/v2\/pages\/1361","targetHints":{"allow":["GET"]}}],"collection":[{"href":"https:\/\/ctrg.co.mz\/pt\/wp-json\/wp\/v2\/pages"}],"about":[{"href":"https:\/\/ctrg.co.mz\/pt\/wp-json\/wp\/v2\/types\/page"}],"author":[{"embeddable":true,"href":"https:\/\/ctrg.co.mz\/pt\/wp-json\/wp\/v2\/users\/1"}],"replies":[{"embeddable":true,"href":"https:\/\/ctrg.co.mz\/pt\/wp-json\/wp\/v2\/comments?post=1361"}],"version-history":[{"count":8,"href":"https:\/\/ctrg.co.mz\/pt\/wp-json\/wp\/v2\/pages\/1361\/revisions"}],"predecessor-version":[{"id":1510,"href":"https:\/\/ctrg.co.mz\/pt\/wp-json\/wp\/v2\/pages\/1361\/revisions\/1510"}],"wp:attachment":[{"href":"https:\/\/ctrg.co.mz\/pt\/wp-json\/wp\/v2\/media?parent=1361"}],"curies":[{"name":"wp","href":"https:\/\/api.w.org\/{rel}","templated":true}]}}